{"id":3438,"date":"2022-11-06T21:54:14","date_gmt":"2022-11-06T20:54:14","guid":{"rendered":"https:\/\/www.gruene-gladbeck.de\/?page_id=3438"},"modified":"2022-11-06T21:54:14","modified_gmt":"2022-11-06T20:54:14","slug":"sandra-borgwerth","status":"publish","type":"page","link":"https:\/\/www.gruene-gladbeck.de\/?page_id=3438","title":{"rendered":"Sandra Borgwerth"},"content":{"rendered":"\n<h3 class=\"wp-block-heading\">Mein Beruf:<\/h3>\n\n\n\n<p>Gesch\u00e4ftsf\u00fchrerin eines kleinen Familienunternehmens auf Zeit, Diplom Biologin und QM<\/p>\n\n\n\n<h3 class=\"wp-block-heading\">In diesem Stadtteil bin ich zuhause:<\/h3>\n\n\n\n<p>Zweimal ungl\u00fccklich Fallen und ich liege am Kotten Nie, noch Mitte fast Ost.<\/p>\n\n\n\n<h3 class=\"wp-block-heading\">Warum ich f\u00fcr die GR\u00dcNEN aktiv bin:<\/h3>\n\n\n\n<p>Auch ohne einer Partei anzugeh\u00f6ren, habe ich mich f\u00fcr die Verbesserung der Situation f\u00fcr Kinder, Familien \u00fcber die Generationen hinweg eingesetzt und mit steigendem Engagement war der Schritt in die Politik logisch. Die N\u00e4he zur Natur erkennt man in meiner Berufswahl, aber viel wichtiger finde ich, dass wir uns &#8211; durch Technik und Medien befl\u00fcgelt &#8211; in einer Zeit befinden, die eine besondere Anstrengung im Bereich Soziales und Miteinander ben\u00f6tigt. Kinder und Jugendliche, aber auch Erwachsene sollten im konstruktiven Miteinander versuchen, die Zukunft zu gestalten, aus Fehlern der Vergangenheit zu lernen und nicht an diesen festzuhalten.\u00a0\u00a0<\/p>\n\n\n\n<h3 class=\"wp-block-heading\">Das sind meine Funktionen in der Fraktion:<\/h3>\n\n\n\n<ul class=\"wp-block-list\"><li>sachkundige B\u00fcrgerin im Ausschuss f\u00fcr Senioren, Soziales und Gesundheit<\/li><li>stellv. Mitglied als sachkundige B\u00fcrgerin im Kulturausschuss (RPA)<\/li><\/ul>\n\n\n\n<h3 class=\"wp-block-heading\">Das sind meine Funktionen im Stadtverband (Partei):<\/h3>\n\n\n\n<ul class=\"wp-block-list\"><li>Vorsitzende des Stadtverbandes<\/li><\/ul>\n\n\n\n<h3 class=\"wp-block-heading\">Hier engagiere ich mich in Gladbeck:<\/h3>\n\n\n\n<ul class=\"wp-block-list\"><li>Mitglied im DLRG<\/li><li>AG sicherer Schulweg<\/li><li>Mehrere Jahre Elternpflegschaft in einer KiTa\u00a0<\/li><\/ul>\n\n\n\n<h3 class=\"wp-block-heading\">So erreichst du mich:<\/h3>\n\n\n\n<p><a href=\"#\" data-unscramble=\"ed.kcebdalg-eneurg@htrewgrob.ardnas\">sandra.borgwerth@gruene-gladbeck.de<\/a><\/p>\n","protected":false},"excerpt":{"rendered":"<p>Mein Beruf: Gesch\u00e4ftsf\u00fchrerin eines kleinen Familienunternehmens auf Zeit, Diplom Biologin und QM In diesem Stadtteil bin ich zuhause: Zweimal ungl\u00fccklich [&hellip;]<\/p>\n","protected":false},"author":11,"featured_media":3439,"parent":13,"menu_order":0,"comment_status":"closed","ping_status":"closed","template":"","meta":{"ngg_post_thumbnail":0,"footnotes":""},"class_list":["post-3438","page","type-page","status-publish","has-post-thumbnail","hentry"],"_links":{"self":[{"href":"https:\/\/www.gruene-gladbeck.de\/index.php?rest_route=\/wp\/v2\/pages\/3438","targetHints":{"allow":["GET"]}}],"collection":[{"href":"https:\/\/www.gruene-gladbeck.de\/index.php?rest_route=\/wp\/v2\/pages"}],"about":[{"href":"https:\/\/www.gruene-gladbeck.de\/index.php?rest_route=\/wp\/v2\/types\/page"}],"author":[{"embeddable":true,"href":"https:\/\/www.gruene-gladbeck.de\/index.php?rest_route=\/wp\/v2\/users\/11"}],"replies":[{"embeddable":true,"href":"https:\/\/www.gruene-gladbeck.de\/index.php?rest_route=%2Fwp%2Fv2%2Fcomments&post=3438"}],"version-history":[{"count":3,"href":"https:\/\/www.gruene-gladbeck.de\/index.php?rest_route=\/wp\/v2\/pages\/3438\/revisions"}],"predecessor-version":[{"id":3615,"href":"https:\/\/www.gruene-gladbeck.de\/index.php?rest_route=\/wp\/v2\/pages\/3438\/revisions\/3615"}],"up":[{"embeddable":true,"href":"https:\/\/www.gruene-gladbeck.de\/index.php?rest_route=\/wp\/v2\/pages\/13"}],"wp:featuredmedia":[{"embeddable":true,"href":"https:\/\/www.gruene-gladbeck.de\/index.php?rest_route=\/wp\/v2\/media\/3439"}],"wp:attachment":[{"href":"https:\/\/www.gruene-gladbeck.de\/index.php?rest_route=%2Fwp%2Fv2%2Fmedia&parent=3438"}],"curies":[{"name":"wp","href":"https:\/\/api.w.org\/{rel}","templated":true}]}}