{"id":3497,"date":"2022-10-23T18:01:45","date_gmt":"2022-10-23T17:01:45","guid":{"rendered":"https:\/\/www.gruene-gladbeck.de\/?page_id=3497"},"modified":"2026-03-25T08:51:03","modified_gmt":"2026-03-25T07:51:03","slug":"stadtverband","status":"publish","type":"page","link":"https:\/\/www.gruene-gladbeck.de\/?page_id=3497","title":{"rendered":"Stadtverband"},"content":{"rendered":"\n<p>Der Stadtverband ist die unterste Organisationsstufe der Partei und erste Anlaufstelle f\u00fcr Mitglieder und Interessierte. Er nimmt zu kommunalpolitischen Themen vor Ort Stellung und gestaltet die Kommunalpolitik mit. Vor den Kommunalwahlen stellt der Stadtverband die Listen- und Direktwahlkandidat*innen auf, indem gr\u00fcne Mitglieder sie bei einer Versammlung w\u00e4hlen.<\/p>\n\n\n\n<p>Gr\u00fcne Arbeit beginnt meist auf Orts(teil)ebene. Mit Mitstreiter:innen vor Ort kannst du Art und Umfang deines Engagements direkt und pers\u00f6nlich abstimmen. Du entscheidest, was du machst: Du kannst politische Ideen entwickeln und diskutieren, bei der Programmarbeit mitmachen, Aktionen oder Veranstaltungen planen, an der Webseitengestaltung mitwirken oder in den Wahlkampf einsteigen \u2013 wir freuen uns \u00fcber jede Unterst\u00fctzung und jede neue Idee, die uns als GR\u00dcNE st\u00e4rker macht.<\/p>\n\n\n\n<h3 class=\"wp-block-heading\">Stadtverbandsvorstand<\/h3>\n\n\n\n<p>Der Vorstand des Gladbecker Stadtverbands setzt sich zur Zeit aus den beiden Vorsitzenden Nicole Uschmann (Foto Mitt) und Bernd Lehmann (2. v.l.), der Schatzmeisterin Ninja Lenz (2. v.r.) und den beiden Beisitzer:innen Stephanie Kempa (links) und Robin Hetk\u00e4mper (rechts) zusammen. Sie wurden auf einer Mitgliederversammlung gew\u00e4hlt.<\/p>\n\n\n\n<p><\/p>\n","protected":false},"excerpt":{"rendered":"<p>Der Stadtverband ist die unterste Organisationsstufe der Partei und erste Anlaufstelle f\u00fcr Mitglieder und Interessierte. Er nimmt zu kommunalpolitischen Themen [&hellip;]<\/p>\n","protected":false},"author":11,"featured_media":4259,"parent":3043,"menu_order":1,"comment_status":"closed","ping_status":"closed","template":"","meta":{"ngg_post_thumbnail":0,"footnotes":""},"class_list":["post-3497","page","type-page","status-publish","has-post-thumbnail","hentry"],"_links":{"self":[{"href":"https:\/\/www.gruene-gladbeck.de\/index.php?rest_route=\/wp\/v2\/pages\/3497","targetHints":{"allow":["GET"]}}],"collection":[{"href":"https:\/\/www.gruene-gladbeck.de\/index.php?rest_route=\/wp\/v2\/pages"}],"about":[{"href":"https:\/\/www.gruene-gladbeck.de\/index.php?rest_route=\/wp\/v2\/types\/page"}],"author":[{"embeddable":true,"href":"https:\/\/www.gruene-gladbeck.de\/index.php?rest_route=\/wp\/v2\/users\/11"}],"replies":[{"embeddable":true,"href":"https:\/\/www.gruene-gladbeck.de\/index.php?rest_route=%2Fwp%2Fv2%2Fcomments&post=3497"}],"version-history":[{"count":9,"href":"https:\/\/www.gruene-gladbeck.de\/index.php?rest_route=\/wp\/v2\/pages\/3497\/revisions"}],"predecessor-version":[{"id":4261,"href":"https:\/\/www.gruene-gladbeck.de\/index.php?rest_route=\/wp\/v2\/pages\/3497\/revisions\/4261"}],"up":[{"embeddable":true,"href":"https:\/\/www.gruene-gladbeck.de\/index.php?rest_route=\/wp\/v2\/pages\/3043"}],"wp:featuredmedia":[{"embeddable":true,"href":"https:\/\/www.gruene-gladbeck.de\/index.php?rest_route=\/wp\/v2\/media\/4259"}],"wp:attachment":[{"href":"https:\/\/www.gruene-gladbeck.de\/index.php?rest_route=%2Fwp%2Fv2%2Fmedia&parent=3497"}],"curies":[{"name":"wp","href":"https:\/\/api.w.org\/{rel}","templated":true}]}}