{"id":3502,"date":"2022-10-23T18:27:25","date_gmt":"2022-10-23T17:27:25","guid":{"rendered":"https:\/\/www.gruene-gladbeck.de\/?page_id=3502"},"modified":"2025-11-23T17:03:46","modified_gmt":"2025-11-23T16:03:46","slug":"ratsfraktion-2","status":"publish","type":"page","link":"https:\/\/www.gruene-gladbeck.de\/?page_id=3502","title":{"rendered":"Ratsfraktion"},"content":{"rendered":"\n<p><\/p>\n\n\n\n<p>Wir machen f\u00fcr dich gr\u00fcne Politik vor Ort. Seit der Kommunalwahl im September 2025 sind wir mit drei Ratsleuten im Stadtrat vertreten. In den Aussch\u00fcssen werden wir au\u00dferdem von weiteren sachkundigen B\u00fcrger:innen unterst\u00fctzt, die unser gr\u00fcnes Team erg\u00e4nzen.<\/p>\n\n\n\n<p><\/p>\n\n\n\n<p><a href=\"https:\/\/www.gruene-gladbeck.de\/?page_id=3486\">Hier erf\u00e4hrst du mehr \u00fcber den Fraktionsvorstand.<\/a><\/p>\n\n\n\n<p><a href=\"https:\/\/www.gruene-gladbeck.de\/?page_id=13\">Hier erf\u00e4hrst du mehr \u00fcber unsere Fraktionsmitglieder.<\/a><\/p>\n","protected":false},"excerpt":{"rendered":"<p>Wir machen f\u00fcr dich gr\u00fcne Politik vor Ort. Seit der Kommunalwahl im September 2025 sind wir mit drei Ratsleuten im [&hellip;]<\/p>\n","protected":false},"author":11,"featured_media":3074,"parent":3043,"menu_order":1,"comment_status":"closed","ping_status":"closed","template":"","meta":{"ngg_post_thumbnail":0,"footnotes":""},"class_list":["post-3502","page","type-page","status-publish","has-post-thumbnail","hentry"],"_links":{"self":[{"href":"https:\/\/www.gruene-gladbeck.de\/index.php?rest_route=\/wp\/v2\/pages\/3502","targetHints":{"allow":["GET"]}}],"collection":[{"href":"https:\/\/www.gruene-gladbeck.de\/index.php?rest_route=\/wp\/v2\/pages"}],"about":[{"href":"https:\/\/www.gruene-gladbeck.de\/index.php?rest_route=\/wp\/v2\/types\/page"}],"author":[{"embeddable":true,"href":"https:\/\/www.gruene-gladbeck.de\/index.php?rest_route=\/wp\/v2\/users\/11"}],"replies":[{"embeddable":true,"href":"https:\/\/www.gruene-gladbeck.de\/index.php?rest_route=%2Fwp%2Fv2%2Fcomments&post=3502"}],"version-history":[{"count":7,"href":"https:\/\/www.gruene-gladbeck.de\/index.php?rest_route=\/wp\/v2\/pages\/3502\/revisions"}],"predecessor-version":[{"id":4181,"href":"https:\/\/www.gruene-gladbeck.de\/index.php?rest_route=\/wp\/v2\/pages\/3502\/revisions\/4181"}],"up":[{"embeddable":true,"href":"https:\/\/www.gruene-gladbeck.de\/index.php?rest_route=\/wp\/v2\/pages\/3043"}],"wp:featuredmedia":[{"embeddable":true,"href":"https:\/\/www.gruene-gladbeck.de\/index.php?rest_route=\/wp\/v2\/media\/3074"}],"wp:attachment":[{"href":"https:\/\/www.gruene-gladbeck.de\/index.php?rest_route=%2Fwp%2Fv2%2Fmedia&parent=3502"}],"curies":[{"name":"wp","href":"https:\/\/api.w.org\/{rel}","templated":true}]}}