{"id":3571,"date":"2022-10-27T19:58:35","date_gmt":"2022-10-27T18:58:35","guid":{"rendered":"https:\/\/www.gruene-gladbeck.de\/?page_id=3571"},"modified":"2022-11-21T18:45:44","modified_gmt":"2022-11-21T17:45:44","slug":"frederic-uschmann","status":"publish","type":"page","link":"https:\/\/www.gruene-gladbeck.de\/?page_id=3571","title":{"rendered":"Frederic Uschmann"},"content":{"rendered":"\n<h3 class=\"wp-block-heading\">Mein Beruf:<\/h3>\n\n\n\n<p>Diplom- Verwaltungswirt (FH), <br>aktuell im Pr\u00fcfdienst bei der Deutschen Rentenversicherung Westfalen t\u00e4tig<\/p>\n\n\n\n<h3 class=\"wp-block-heading\">In diesem Stadtteil bin ich zuhause:<\/h3>\n\n\n\n<p>Ich lebe gern in Butendorf, weil es ein vielf\u00e4ltiger, lebendiger Stadtteil ist, wo viele Junge Familien zu Hause sind<\/p>\n\n\n\n<h3 class=\"wp-block-heading\">Warum ich f\u00fcr die GR\u00dcNEN aktiv bin:<\/h3>\n\n\n\n<p>Gerade als Familienvater ist es mir wichtig, dass auch die zuk\u00fcnftigen Generationen gut und sicher leben k\u00f6nnen. Bei den GR\u00dcNEN hab ich die M\u00f6glichkeit aktiv die Zukunft in unserer Stadt mitzugestalten und meine Ideen einzubringen.<\/p>\n\n\n\n<h3 class=\"wp-block-heading\">Das sind meine Funktionen in der Fraktion:<\/h3>\n\n\n\n<ul class=\"wp-block-list\"><li>stellv. Mitglied als sachkundiger B\u00fcrger im Sportausschuss<\/li><\/ul>\n\n\n\n<h3 class=\"wp-block-heading\">Das sind meine Funktionen im Stadtverband (Partei):<\/h3>\n\n\n\n<ul class=\"wp-block-list\"><li>Stadtverbandsvorsitzender<\/li><li>stellv. Kreisdelegierter<\/li><\/ul>\n\n\n\n<h3 class=\"wp-block-heading\">Hier engagiere ich mich:<\/h3>\n\n\n\n<ul class=\"wp-block-list\"><li>F\u00f6rdermitglied bei Sea-Watch e.V.<\/li><li>Mitglied im F\u00f6rderverein der DPSG in Rentfort<\/li><\/ul>\n\n\n\n<h3 class=\"wp-block-heading\">So erreichst du mich:<\/h3>\n\n\n\n<p><a href=\"#\" data-unscramble=\"ed.kcebdalg-eneurg@nnamhcsu.cirederf\">frederic.uschmann@gruene-gladbeck.de<\/a><\/p>\n","protected":false},"excerpt":{"rendered":"<p>Mein Beruf: Diplom- Verwaltungswirt (FH), aktuell im Pr\u00fcfdienst bei der Deutschen Rentenversicherung Westfalen t\u00e4tig In diesem Stadtteil bin ich zuhause: [&hellip;]<\/p>\n","protected":false},"author":11,"featured_media":3637,"parent":13,"menu_order":0,"comment_status":"closed","ping_status":"closed","template":"","meta":{"ngg_post_thumbnail":0,"footnotes":""},"class_list":["post-3571","page","type-page","status-publish","has-post-thumbnail","hentry"],"_links":{"self":[{"href":"https:\/\/www.gruene-gladbeck.de\/index.php?rest_route=\/wp\/v2\/pages\/3571","targetHints":{"allow":["GET"]}}],"collection":[{"href":"https:\/\/www.gruene-gladbeck.de\/index.php?rest_route=\/wp\/v2\/pages"}],"about":[{"href":"https:\/\/www.gruene-gladbeck.de\/index.php?rest_route=\/wp\/v2\/types\/page"}],"author":[{"embeddable":true,"href":"https:\/\/www.gruene-gladbeck.de\/index.php?rest_route=\/wp\/v2\/users\/11"}],"replies":[{"embeddable":true,"href":"https:\/\/www.gruene-gladbeck.de\/index.php?rest_route=%2Fwp%2Fv2%2Fcomments&post=3571"}],"version-history":[{"count":3,"href":"https:\/\/www.gruene-gladbeck.de\/index.php?rest_route=\/wp\/v2\/pages\/3571\/revisions"}],"predecessor-version":[{"id":3645,"href":"https:\/\/www.gruene-gladbeck.de\/index.php?rest_route=\/wp\/v2\/pages\/3571\/revisions\/3645"}],"up":[{"embeddable":true,"href":"https:\/\/www.gruene-gladbeck.de\/index.php?rest_route=\/wp\/v2\/pages\/13"}],"wp:featuredmedia":[{"embeddable":true,"href":"https:\/\/www.gruene-gladbeck.de\/index.php?rest_route=\/wp\/v2\/media\/3637"}],"wp:attachment":[{"href":"https:\/\/www.gruene-gladbeck.de\/index.php?rest_route=%2Fwp%2Fv2%2Fmedia&parent=3571"}],"curies":[{"name":"wp","href":"https:\/\/api.w.org\/{rel}","templated":true}]}}