{"id":4011,"date":"2025-07-16T15:16:33","date_gmt":"2025-07-16T14:16:33","guid":{"rendered":"https:\/\/www.gruene-gladbeck.de\/?page_id=4011"},"modified":"2025-07-17T13:33:09","modified_gmt":"2025-07-17T12:33:09","slug":"macht-heute-was-morgen-zaehlt","status":"publish","type":"page","link":"https:\/\/www.gruene-gladbeck.de\/?page_id=4011","title":{"rendered":"Wahl 2025"},"content":{"rendered":"\n<h2 class=\"wp-block-heading\">Unser Team f\u00fcr den Rat<\/h2>\n\n\n\n<p>Mit einer ausgewogenen Mischung aus erfahrenen Kommunalpolitikern und neuen engagierten Mitgliedern treten wir zur Wahl an. Auf der Mitglieder- und Aufstellungsversammlung wurde Bernd Lehmann einstimmig zum Spitzenkandidaten f\u00fcr die kommende Kommunalwahl gew\u00e4hlt. Der 53-j\u00e4hrige Stadtplaner, der seit 27 Jahren bei den Gr\u00fcnen aktiv ist und aktuell als Stadtverbandssprecher fungiert, f\u00fchrt gemeinsam mit Ninja Lenz die Ratsfraktion an.<\/p>\n\n\n\n<p>Auf Platz zwei der Reserveliste folgt die 41-j\u00e4hrige Volkswirtin Ninja Lenz, die seit fast zwei Jahrzehnten f\u00fcr gr\u00fcne Ziele in Gladbeck k\u00e4mpft. Die weiteren Listenpl\u00e4tze sind mit Frederic Uschmann (Platz 3), Georg Laacks (Platz 4), Stephanie Kempa (Platz 5), Nicole Uschmann (Platz 6), Chantal Gollan (Platz 7), Robin Hetk\u00e4mper (Platz 8), Dr. Constanze Chudaska (Platz 9) und Dietmar Chudaska (Platz 10) besetzt. Die Mitgliederversammlung hat zudem alle 22 Wahlkreise mit Direktkandidatinnen und -kandidaten besetzt.<\/p>\n\n\n\n<h2 class=\"wp-block-heading\">Kommunalwahlprogramm 2025 &#8211; 2026<\/h2>\n\n\n\n<p>Hier findest du unser gr\u00fcnes Wahlprogramm f\u00fcr die kommende Ratsperiode \u2013 entwickelt in engem Austausch mit Mitgliedern und engagierten B\u00fcrger:innen. In 10 spannenden Kapiteln zeigen wir, wie wir Gladbeck \u00f6kologisch, sozial und zukunftsf\u00e4hig gestalten wollen. Von Umwelt- und Klimaschutz \u00fcber Bildung, Mobilit\u00e4t und Wirtschaft bis hin zu Jugend und Familie \u2013 unsere Ideen sind konkret, mutig und f\u00fcr alle da. Klick dich durch und entdecke, wie wir zusammen unsere Stadt lebenswerter machen k\u00f6nnen!<\/p>\n\n\n\n<p><a href=\"https:\/\/www.gruene-gladbeck.de\/cms\/wp-content\/uploads\/2025\/07\/Gruenes_Wahlprogramm_2025.pdf\">Das komplette Programm als pdf (40 MB)<\/a><\/p>\n\n\n\n<p><a href=\"https:\/\/www.gruene-gladbeck.de\/?page_id=4062\">Vorwort: Wo Menschen reden, wird es hell<\/a><\/p>\n\n\n\n<p><a href=\"https:\/\/www.gruene-gladbeck.de\/?page_id=4015\">Umwelt, Klima &amp; Tierschutz &#8211; F\u00fcr eine Stadt, die sch\u00fctzt, was uns sch\u00fctzt<\/a><\/p>\n\n\n\n<p><a href=\"https:\/\/www.gruene-gladbeck.de\/?page_id=4021\">Starke Schulen f\u00fcr starke Kinder &#8211; Gladbecks Bildungszukunft gestalten<\/a><\/p>\n\n\n\n<p><a href=\"https:\/\/www.gruene-gladbeck.de\/?page_id=4037\">Jugend &amp; Familie &#8211; F\u00fcr ein gutes Aufwachsen und ein gutes Miteinander<\/a><\/p>\n\n\n\n<p><a href=\"https:\/\/www.gruene-gladbeck.de\/?page_id=4027\">Gut ankommen in Gladbeck &#8211; Mobilit\u00e4t, die verbindet<\/a><\/p>\n\n\n\n<p><a href=\"https:\/\/www.gruene-gladbeck.de\/?page_id=4032\">Zukunft findet Stadt &#8211; Gladbecks Quartiere gr\u00fcn, gerecht und lebendig gestalten<\/a><\/p>\n\n\n\n<p><a href=\"https:\/\/www.gruene-gladbeck.de\/?page_id=4040\">Zukunft Wirtschaften &#8211; Wirtschaft st\u00e4rken, Fl\u00e4chen klug nutzen, Finanzen sichern<\/a><\/p>\n\n\n\n<p><a href=\"https:\/\/www.gruene-gladbeck.de\/?page_id=4045\">Sicher ist, wo wir uns k\u00fcmmern &#8211; Gladbeck st\u00e4rkt den Zusammenhalt<\/a><\/p>\n\n\n\n<p><a href=\"https:\/\/www.gruene-gladbeck.de\/?page_id=4048\">Nah, klar, digital &#8211; Verwaltung, die den Alltag erleichtert<\/a><\/p>\n\n\n\n<p><a href=\"https:\/\/www.gruene-gladbeck.de\/?page_id=4053\">Vielfalt &amp; Kultur &#8211; F\u00fcr ein Gladbeck, das alle mitmeint<\/a><\/p>\n\n\n\n<p><a href=\"https:\/\/www.gruene-gladbeck.de\/?page_id=4058\">Freibad, Verein, Schule &#8211; Sport in Gladbeck f\u00fcr alle<\/a><\/p>\n\n\n\n<p><\/p>\n\n\n\n<p><\/p>\n","protected":false},"excerpt":{"rendered":"<p>Unser Team f\u00fcr den Rat Mit einer ausgewogenen Mischung aus erfahrenen Kommunalpolitikern und neuen engagierten Mitgliedern treten wir zur Wahl [&hellip;]<\/p>\n","protected":false},"author":11,"featured_media":4012,"parent":0,"menu_order":0,"comment_status":"closed","ping_status":"closed","template":"","meta":{"ngg_post_thumbnail":0,"footnotes":""},"class_list":["post-4011","page","type-page","status-publish","has-post-thumbnail","hentry"],"_links":{"self":[{"href":"https:\/\/www.gruene-gladbeck.de\/index.php?rest_route=\/wp\/v2\/pages\/4011","targetHints":{"allow":["GET"]}}],"collection":[{"href":"https:\/\/www.gruene-gladbeck.de\/index.php?rest_route=\/wp\/v2\/pages"}],"about":[{"href":"https:\/\/www.gruene-gladbeck.de\/index.php?rest_route=\/wp\/v2\/types\/page"}],"author":[{"embeddable":true,"href":"https:\/\/www.gruene-gladbeck.de\/index.php?rest_route=\/wp\/v2\/users\/11"}],"replies":[{"embeddable":true,"href":"https:\/\/www.gruene-gladbeck.de\/index.php?rest_route=%2Fwp%2Fv2%2Fcomments&post=4011"}],"version-history":[{"count":12,"href":"https:\/\/www.gruene-gladbeck.de\/index.php?rest_route=\/wp\/v2\/pages\/4011\/revisions"}],"predecessor-version":[{"id":4099,"href":"https:\/\/www.gruene-gladbeck.de\/index.php?rest_route=\/wp\/v2\/pages\/4011\/revisions\/4099"}],"wp:featuredmedia":[{"embeddable":true,"href":"https:\/\/www.gruene-gladbeck.de\/index.php?rest_route=\/wp\/v2\/media\/4012"}],"wp:attachment":[{"href":"https:\/\/www.gruene-gladbeck.de\/index.php?rest_route=%2Fwp%2Fv2%2Fmedia&parent=4011"}],"curies":[{"name":"wp","href":"https:\/\/api.w.org\/{rel}","templated":true}]}}