{"id":4021,"date":"2025-07-16T15:25:35","date_gmt":"2025-07-16T14:25:35","guid":{"rendered":"https:\/\/www.gruene-gladbeck.de\/?page_id=4021"},"modified":"2025-07-17T13:14:47","modified_gmt":"2025-07-17T12:14:47","slug":"starke-schulen-fuer-starke-kinder","status":"publish","type":"page","link":"https:\/\/www.gruene-gladbeck.de\/?page_id=4021","title":{"rendered":"Starke Schulen f\u00fcr starke Kinder"},"content":{"rendered":"\n<p><strong>Stell dir vor, wir machen Schulen wirklich zu Orten, die der Jugend geh\u00f6ren<\/strong><br><\/p>\n\n\n\n<h2 class=\"wp-block-heading\"><strong>Das Problem kennen wir alle<\/strong><\/h2>\n\n\n\n<p>Marode Schulgeb\u00e4ude, kaputte Toiletten, \u00fcberlastete Lehrkr\u00e4fte und gef\u00e4hrliche Schulwege \u2013 Gladbecks Bildungslandschaft braucht dringend frischen Wind. W\u00e4hrend unsere Kinder die Fachkr\u00e4fte von morgen werden sollen, lernen sie heute oft unter Bedingungen von gestern. Raumnot im Riesener Gymnasium verhindert modernes Lernen, IT-Probleme kosten t\u00e4glich Unterrichtszeit, und zu viele Elterntaxis machen den Schulweg unsicher. Unsere Kinder verdienen bessere Startchancen \u2013 f\u00fcr ihre Zukunft und die unserer Stadt.<\/p>\n\n\n\n<h2 class=\"wp-block-heading\"><strong>Unsere L\u00f6sung: Anpacken statt Aussitzen<\/strong><\/h2>\n\n\n\n<p><strong>Wir machen Gladbecks Schulen fit f\u00fcr die Zukunft&nbsp;<\/strong><br>Das Riesener Gymnasium werden wir ausbauen und neue moderne Klassenzimmer schaffen. Auf Schuld\u00e4chern installieren wir Solaranlagen und entsiegeln Pausenh\u00f6fe, die so auch bei Hitze zum Verweilen einladen. Nach dem Vorbild des Projekts \u201ePimp your Klo&#8220; am Riesener Gymnasium, werden wir gemeinsam mit Sch\u00fcler:innen aus unbenutzbaren Schultoiletten echte Wohlf\u00fchlorte machen.<br><br><strong>Wir organisieren digitale Bildung professionell&nbsp;<\/strong><br>Feste IT-Fachkr\u00e4fte sorgen daf\u00fcr, dass Tablets und Computer funktionieren \u2013 Lehrkr\u00e4fte k\u00f6nnen sich endlich wieder aufs Unterrichten konzentrieren statt auf Technik-Troubleshooting.<br><br><strong>Wir st\u00e4rken jedes einzelne Kind&nbsp;<\/strong><br>Mehr Schulsozialarbeiter:innen, kleinere Klassen und bessere Inklusion sorgen daf\u00fcr, dass alle Kinder \u2013 ob mit oder ohne Behinderung \u2013 die Unterst\u00fctzung bekommen, die sie brauchen. Umwelt-AGs und Schulg\u00e4rten bringen Naturschutz in den Schulalltag und zeigen ganz praktisch, wie wichtig es ist, gemeinsam Verantwortung zu \u00fcbernehmen.<br><br><strong>Gutes Essen darf kein Luxus sein<\/strong><br>Die Ern\u00e4hrung aller Kinder und Jugendlichen an Kitas und Schulen ist uns wichtig. Gemeinsam mit Eltern und Kindern wollen wir Wege finden, wie leckere, ausgewogene und gesunde Essensangebote dauerhaft gesichert werden k\u00f6nnen. Damit die Kosten f\u00fcr Schulverpflegung nicht zur Belastung werden, setzen wir uns f\u00fcr eine Kostenbremse ein \u2013 f\u00fcr gutes Essen, das sich alle leisten k\u00f6nnen.<br><br><strong>Wir schaffen sichere Schulwege&nbsp;<\/strong><br>Autofreie Zonen vor Schulen, ausgewiesene Kiss &amp; Ride-Pl\u00e4tze, sichere \u00dcberwege und die Kampagne \u201eZu Fu\u00df zur Schule&#8220; sorgen daf\u00fcr, dass Kinder sicher und selbstst\u00e4ndig zur Schule kommen.<br><br><strong>Wir nehmen junge Stimmen ernst<\/strong><br>Sch\u00fclerparlamente an allen Schulen und ein gest\u00e4rkter Jugendrat mit echten Mitbestimmungsrechten \u2013 damit Demokratie nicht nur Theorie bleibt, sondern t\u00e4glich gelebt wird. Zus\u00e4tzlich zum Jugendrat wollen wir Beteiligungsformate direkt an Schulen und in Jugendzentren f\u00f6rdern \u2013 durch kreative Workshops, Jugendbeteiligungs-Tage und Demokratie-Projekte wie \u201caula\u201d wird Bildung lebendig und zukunftsfit.&nbsp;<br><\/p>\n\n\n\n<h2 class=\"wp-block-heading\"><strong>Was das f\u00fcr Gladbeck bedeutet<\/strong><\/h2>\n\n\n\n<p>Mit gr\u00fcner Bildungspolitik wird Gladbeck zur Stadt, in der junge Familien gerne leben.\u00a0Unsere Kinder lernen in modernen, klimafitten Geb\u00e4uden, entwickeln Klimabewusstsein und demokratische Kompetenzen. Sie werden zu selbstbewussten B\u00fcrger:innen, die unsere Stadt voranbringen. Lehrkr\u00e4fte arbeiten gerne hier, weil sie optimale Bedingungen vorfinden. Eltern sparen Zeit und Nerven, weil die Schulinfrastruktur endlich funktioniert.<\/p>\n\n\n\n<hr class=\"wp-block-separator has-alpha-channel-opacity\"\/>\n\n\n\n<h4 class=\"wp-block-heading\">Weitere Kapitel des Kommunalwahlprogramms:<\/h4>\n\n\n\n<p><a href=\"https:\/\/www.gruene-gladbeck.de\/?page_id=4062\">Vorwort: Wo Menschen reden, wird es hell<\/a><\/p>\n\n\n\n<p><a href=\"https:\/\/www.gruene-gladbeck.de\/?page_id=4015\">Umwelt, Klima &amp; Tierschutz &#8211; F\u00fcr eine Stadt, die sch\u00fctzt, was uns sch\u00fctzt<\/a><\/p>\n\n\n\n<p><a href=\"https:\/\/www.gruene-gladbeck.de\/?page_id=4037\">Jugend &amp; Familie &#8211; F\u00fcr ein gutes Aufwachsen und ein gutes Miteinander<\/a><\/p>\n\n\n\n<p><a href=\"https:\/\/www.gruene-gladbeck.de\/?page_id=4027\">Gut ankommen in Gladbeck &#8211; Mobilit\u00e4t, die verbindet<\/a><\/p>\n\n\n\n<p><a href=\"https:\/\/www.gruene-gladbeck.de\/?page_id=4032\">Zukunft findet Stadt &#8211; Gladbecks Quartiere gr\u00fcn, gerecht und lebendig gestalten<\/a><\/p>\n\n\n\n<p><a href=\"https:\/\/www.gruene-gladbeck.de\/?page_id=4040\">Zukunft Wirtschaften &#8211; Wirtschaft st\u00e4rken, Fl\u00e4chen klug nutzen, Finanzen sichern<\/a><\/p>\n\n\n\n<p><a href=\"https:\/\/www.gruene-gladbeck.de\/?page_id=4045\">Sicher ist, wo wir uns k\u00fcmmern &#8211; Gladbeck st\u00e4rkt den Zusammenhalt<\/a><\/p>\n\n\n\n<p><a href=\"https:\/\/www.gruene-gladbeck.de\/?page_id=4048\">Nah, klar, digital &#8211; Verwaltung, die den Alltag erleichtert<\/a><\/p>\n\n\n\n<p><a href=\"https:\/\/www.gruene-gladbeck.de\/?page_id=4053\">Vielfalt &amp; Kultur &#8211; F\u00fcr ein Gladbeck, das alle mitmeint<\/a><\/p>\n\n\n\n<p><a href=\"https:\/\/www.gruene-gladbeck.de\/?page_id=4058\">Freibad, Verein, Schule &#8211; Sport in Gladbeck f\u00fcr alle<\/a><br><br><\/p>\n","protected":false},"excerpt":{"rendered":"<p>Stell dir vor, wir machen Schulen wirklich zu Orten, die der Jugend geh\u00f6ren Das Problem kennen wir alle Marode Schulgeb\u00e4ude, [&hellip;]<\/p>\n","protected":false},"author":11,"featured_media":4022,"parent":4011,"menu_order":3,"comment_status":"closed","ping_status":"closed","template":"","meta":{"ngg_post_thumbnail":0,"footnotes":""},"class_list":["post-4021","page","type-page","status-publish","has-post-thumbnail","hentry"],"_links":{"self":[{"href":"https:\/\/www.gruene-gladbeck.de\/index.php?rest_route=\/wp\/v2\/pages\/4021","targetHints":{"allow":["GET"]}}],"collection":[{"href":"https:\/\/www.gruene-gladbeck.de\/index.php?rest_route=\/wp\/v2\/pages"}],"about":[{"href":"https:\/\/www.gruene-gladbeck.de\/index.php?rest_route=\/wp\/v2\/types\/page"}],"author":[{"embeddable":true,"href":"https:\/\/www.gruene-gladbeck.de\/index.php?rest_route=\/wp\/v2\/users\/11"}],"replies":[{"embeddable":true,"href":"https:\/\/www.gruene-gladbeck.de\/index.php?rest_route=%2Fwp%2Fv2%2Fcomments&post=4021"}],"version-history":[{"count":3,"href":"https:\/\/www.gruene-gladbeck.de\/index.php?rest_route=\/wp\/v2\/pages\/4021\/revisions"}],"predecessor-version":[{"id":4076,"href":"https:\/\/www.gruene-gladbeck.de\/index.php?rest_route=\/wp\/v2\/pages\/4021\/revisions\/4076"}],"up":[{"embeddable":true,"href":"https:\/\/www.gruene-gladbeck.de\/index.php?rest_route=\/wp\/v2\/pages\/4011"}],"wp:featuredmedia":[{"embeddable":true,"href":"https:\/\/www.gruene-gladbeck.de\/index.php?rest_route=\/wp\/v2\/media\/4022"}],"wp:attachment":[{"href":"https:\/\/www.gruene-gladbeck.de\/index.php?rest_route=%2Fwp%2Fv2%2Fmedia&parent=4021"}],"curies":[{"name":"wp","href":"https:\/\/api.w.org\/{rel}","templated":true}]}}