{"id":4053,"date":"2025-07-16T15:58:11","date_gmt":"2025-07-16T14:58:11","guid":{"rendered":"https:\/\/www.gruene-gladbeck.de\/?page_id=4053"},"modified":"2025-07-17T13:19:30","modified_gmt":"2025-07-17T12:19:30","slug":"vielfalt-kultur","status":"publish","type":"page","link":"https:\/\/www.gruene-gladbeck.de\/?page_id=4053","title":{"rendered":"Vielfalt &amp; Kultur"},"content":{"rendered":"\n<p><strong>Stell dir vor, wir machen Vielfalt wirklich erfahrbar und Vielfalt ist nicht nur ein Wort \u2013 sondern Alltag<\/strong><\/p>\n\n\n\n<p>In Gladbeck f\u00fchlen sich alle Menschen willkommen, sicher und gesehen \u2013 egal woher sie kommen, wie sie leben oder wen sie lieben. Kultur ist f\u00fcr alle da. Vielfalt wird sichtbar, h\u00f6rbar, sp\u00fcrbar \u2013 auf B\u00fchnen, in Parks, in Vereinen und sogar auf dem Friedhof.<\/p>\n\n\n\n<h2 class=\"wp-block-heading\"><strong>Das Problem<\/strong><\/h2>\n\n\n\n<p>Gladbeck ist vielf\u00e4ltig \u2013 und das ist gut so. Doch diese Vielfalt spiegelt sich nicht immer in den Angeboten der Stadt wider.<\/p>\n\n\n\n<p>Neuzugewanderte finden oft keinen einfachen Einstieg in das lokale Leben. Menschen mit Behinderung sto\u00dfen auf Barrieren \u2013 beim Besuch von Veranstaltungen oder selbst auf dem Friedhof. Queere Bildungsarbeit wird zwar geleistet, ist aber abh\u00e4ngig von wackeliger Projektf\u00f6rderung. Auch die Friedhofskultur bleibt oft starr, obwohl diese Orte Potenzial f\u00fcr Begegnung, R\u00fcckzug und Inklusion h\u00e4tten.<\/p>\n\n\n\n<h2 class=\"wp-block-heading\"><strong>Unsere L\u00f6sung: Vielfalt erm\u00f6glichen statt verwalten<\/strong><\/h2>\n\n\n\n<p><strong>Wir begr\u00fc\u00dfen neue Nachbar:innen aktiv&nbsp;<\/strong><br>Mit einem Begr\u00fc\u00dfungspaket wollen wir Neuzugewanderte willkommen hei\u00dfen und informieren: Wo finde ich Hilfe, Beratung, Freizeitangebote? Wer sind die Ansprechpersonen im Quartier? So gelingt der Einstieg ins neue Leben vor Ort.<\/p>\n\n\n\n<p>Wir setzen uns f\u00fcr eine konsequente Sprachf\u00f6rderung auch au\u00dferhalb von Schule und Ausbildung ein \u2013 besonders f\u00fcr Erwachsene. Au\u00dferdem wollen wir die Verwaltung interkulturell \u00f6ffnen, durch Schulungen, Ansprechpersonen und mehrsprachige Informationen.<\/p>\n\n\n\n<p><strong>Wir f\u00f6rdern queere und inklusive Kulturarbeit \u2013 dauerhaft<\/strong><br>Projekte wie SCHLAU Gladbeck, die mit Workshops zu sexueller und geschlechtlicher Vielfalt in Schulen, Jugendgruppen oder Vereinen unterwegs sind, leisten wichtige Aufkl\u00e4rungsarbeit \u2013 mit Herz und Haltung. Wir setzen uns f\u00fcr eine verstetigte Finanzierung ein, die Planungssicherheit schafft und queere Sichtbarkeit st\u00e4rkt.<\/p>\n\n\n\n<p><strong>Wir gestalten Kultur barrierefrei \u2013 mit allen, f\u00fcr alle<\/strong><br>Kulturelle Teilhabe darf kein Privileg sein. Wir wollen barrierefreie Veranstaltungen, die wirklich inklusiv sind \u2013 zum Beispiel eine \u201eParty f\u00fcr alle\u201c, bei der Menschen mit und ohne Behinderung selbstverst\u00e4ndlich gemeinsam feiern. Veranstaltungsorte sollen barrierefrei erreichbar sein und inklusiv konzipiert werden.<\/p>\n\n\n\n<p><strong>Wir schaffen echte Teilhabe \u2013 auch strukturell&nbsp;<\/strong><br>Der Behindertenbeirat soll zum Inklusionsbeirat weiterentwickelt werden \u2013 mit erweitertem Mandat und angemessenen Ressourcen. Denn wer mitreden soll, muss auch mitgestalten k\u00f6nnen.<\/p>\n\n\n\n<p><strong>Wir denken Friedh\u00f6fe neu \u2013 als inklusive, gr\u00fcne Orte des Lebens&nbsp;<\/strong><br>Friedh\u00f6fe sind mehr als Orte des Abschieds \u2013 sie sind gr\u00fcne Oasen mitten in der Stadt.<\/p>\n\n\n\n<p>Wir wollen sie \u00f6ffnen f\u00fcr Biodiversit\u00e4t, Erholung und kulturelle Vielfalt. Dazu geh\u00f6ren f\u00fcr uns barrierefreie Wege und Ruhezonen, Grabfelder und Rituale, die verschiedenen Kulturen gerecht werden und Orte der Begegnung und des R\u00fcckzugs \u2013 f\u00fcr alle Generationen.<\/p>\n\n\n\n<p><strong>Wir st\u00e4rken das Gemeinwohl durch Kultur und Engagement&nbsp;<\/strong><br>Wir wollen nicht-institutionelle Kulturformen wie Street Art, urbane Lesungen oder Jugend-Subkultur sichtbarer machen und gezielt f\u00f6rdern \u2013 unter anderem durch kulturelle Zwischennutzungen leerstehender Geb\u00e4ude. Wir m\u00f6chten die kulturelle Zwischennutzung von Leerst\u00e4nden initiieren, um neue Begegnungs- und Kulturorte zu schaffen.<\/p>\n\n\n\n<h2 class=\"wp-block-heading\"><strong>Was das f\u00fcr Gladbeck bedeutet<\/strong><\/h2>\n\n\n\n<p>Gladbeck wird bunter \u2013 und offener.<\/p>\n\n\n\n<p>Neuzugewanderte finden schneller Anschluss, queere Jugendliche erleben Anerkennung, Menschen mit Behinderung bewegen sich selbstverst\u00e4ndlich durch das Kulturleben. Friedh\u00f6fe werden zu inklusiven Gr\u00fcnr\u00e4umen, in denen sich jede:r willkommen f\u00fchlt \u2013 auch mit anderem Glauben, anderen Abschiedsritualen oder einfach dem Wunsch nach einem ruhigen Spaziergang.<\/p>\n\n\n\n<p>Vielfalt wird in Gladbeck sichtbar, h\u00f6rbar und sp\u00fcrbar \u2013 jeden Tag, f\u00fcr alle.<\/p>\n\n\n\n<hr class=\"wp-block-separator has-alpha-channel-opacity\"\/>\n\n\n\n<h5 class=\"wp-block-heading\">Weitere Kapitel unseres Kommunalwahlprogramms:<\/h5>\n\n\n\n<p><a href=\"https:\/\/www.gruene-gladbeck.de\/?page_id=4062\">Vorwort: Wo Menschen reden, wird es hell<\/a><\/p>\n\n\n\n<p><a href=\"https:\/\/www.gruene-gladbeck.de\/?page_id=4015\">Umwelt, Klima &amp; Tierschutz &#8211; F\u00fcr eine Stadt, die sch\u00fctzt, was uns sch\u00fctzt<\/a><\/p>\n\n\n\n<p><a href=\"https:\/\/www.gruene-gladbeck.de\/?page_id=4021\">Starke Schulen f\u00fcr starke Kinder &#8211; Gladbecks Bildungszukunft gestalten<\/a><\/p>\n\n\n\n<p><a href=\"https:\/\/www.gruene-gladbeck.de\/?page_id=4037\">Jugend &amp; Familie &#8211; F\u00fcr ein gutes Aufwachsen und ein gutes Miteinander<\/a><\/p>\n\n\n\n<p><a href=\"https:\/\/www.gruene-gladbeck.de\/?page_id=4027\">Gut ankommen in Gladbeck &#8211; Mobilit\u00e4t, die verbindet<\/a><\/p>\n\n\n\n<p><a href=\"https:\/\/www.gruene-gladbeck.de\/?page_id=4032\">Zukunft findet Stadt &#8211; Gladbecks Quartiere gr\u00fcn, gerecht und lebendig gestalten<\/a><\/p>\n\n\n\n<p><a href=\"https:\/\/www.gruene-gladbeck.de\/?page_id=4040\">Zukunft Wirtschaften &#8211; Wirtschaft st\u00e4rken, Fl\u00e4chen klug nutzen, Finanzen sichern<\/a><\/p>\n\n\n\n<p><a href=\"https:\/\/www.gruene-gladbeck.de\/?page_id=4045\">Sicher ist, wo wir uns k\u00fcmmern &#8211; Gladbeck st\u00e4rkt den Zusammenhalt<\/a><\/p>\n\n\n\n<p><a href=\"https:\/\/www.gruene-gladbeck.de\/?page_id=4048\">Nah, klar, digital &#8211; Verwaltung, die den Alltag erleichtert<\/a><\/p>\n\n\n\n<p><a href=\"https:\/\/www.gruene-gladbeck.de\/?page_id=4058\">Freibad, Verein, Schule &#8211; Sport in Gladbeck f\u00fcr alle<\/a><\/p>\n","protected":false},"excerpt":{"rendered":"<p>Stell dir vor, wir machen Vielfalt wirklich erfahrbar und Vielfalt ist nicht nur ein Wort \u2013 sondern Alltag In Gladbeck [&hellip;]<\/p>\n","protected":false},"author":11,"featured_media":4055,"parent":4011,"menu_order":10,"comment_status":"closed","ping_status":"closed","template":"","meta":{"ngg_post_thumbnail":0,"footnotes":""},"class_list":["post-4053","page","type-page","status-publish","has-post-thumbnail","hentry"],"_links":{"self":[{"href":"https:\/\/www.gruene-gladbeck.de\/index.php?rest_route=\/wp\/v2\/pages\/4053","targetHints":{"allow":["GET"]}}],"collection":[{"href":"https:\/\/www.gruene-gladbeck.de\/index.php?rest_route=\/wp\/v2\/pages"}],"about":[{"href":"https:\/\/www.gruene-gladbeck.de\/index.php?rest_route=\/wp\/v2\/types\/page"}],"author":[{"embeddable":true,"href":"https:\/\/www.gruene-gladbeck.de\/index.php?rest_route=\/wp\/v2\/users\/11"}],"replies":[{"embeddable":true,"href":"https:\/\/www.gruene-gladbeck.de\/index.php?rest_route=%2Fwp%2Fv2%2Fcomments&post=4053"}],"version-history":[{"count":2,"href":"https:\/\/www.gruene-gladbeck.de\/index.php?rest_route=\/wp\/v2\/pages\/4053\/revisions"}],"predecessor-version":[{"id":4079,"href":"https:\/\/www.gruene-gladbeck.de\/index.php?rest_route=\/wp\/v2\/pages\/4053\/revisions\/4079"}],"up":[{"embeddable":true,"href":"https:\/\/www.gruene-gladbeck.de\/index.php?rest_route=\/wp\/v2\/pages\/4011"}],"wp:featuredmedia":[{"embeddable":true,"href":"https:\/\/www.gruene-gladbeck.de\/index.php?rest_route=\/wp\/v2\/media\/4055"}],"wp:attachment":[{"href":"https:\/\/www.gruene-gladbeck.de\/index.php?rest_route=%2Fwp%2Fv2%2Fmedia&parent=4053"}],"curies":[{"name":"wp","href":"https:\/\/api.w.org\/{rel}","templated":true}]}}