{"id":4058,"date":"2025-07-16T16:01:35","date_gmt":"2025-07-16T15:01:35","guid":{"rendered":"https:\/\/www.gruene-gladbeck.de\/?page_id=4058"},"modified":"2025-07-17T13:19:39","modified_gmt":"2025-07-17T12:19:39","slug":"freibad-verein-schule","status":"publish","type":"page","link":"https:\/\/www.gruene-gladbeck.de\/?page_id=4058","title":{"rendered":"Freibad, Verein, Schule"},"content":{"rendered":"\n<h2 class=\"wp-block-heading\"><\/h2>\n\n\n\n<p><strong>Stell dir vor, wir machen Gladbeck wirklich zur Sportstadt f\u00fcr alle<\/strong><\/p>\n\n\n\n<p>Stell dir vor, du lebst in einer Stadt, in der Sport und Erholung nicht nur gro\u00dfe Projekte sind, sondern im Alltag jeder Familie angekommen sind \u2013 in Vereinen, Schulen und Freib\u00e4dern, ganz nah bei dir.<\/p>\n\n\n\n<h2 class=\"wp-block-heading\"><strong>Das Problem<\/strong><\/h2>\n\n\n\n<p>Gladbeck bezeichnet sich gerne als Sportstadt, und es ist auch schon einiges passiert. Doch oft profitieren vor allem gro\u00dfe Projekte, w\u00e4hrend viele Familien und Vereine im Alltag an Grenzen sto\u00dfen. \u00d6ffnungszeiten von Schwimmb\u00e4dern sind nicht immer familien- und berufsfreundlich, Ferienangebote sind begrenzt und oft nur f\u00fcr bestimmte Gruppen zug\u00e4nglich. Ganztagsschulen und Vereine arbeiten noch zu wenig zusammen, sodass Kinder und Jugendliche im vollen Terminplan oft kaum Luft zum Durchatmen haben. Gleichzeitig bekommen Vereine h\u00e4ufig F\u00f6rderungen, ohne eigene Beitr\u00e4ge zu leisten \u2013 das ist auf Dauer nicht tragf\u00e4hig angesichts knapper st\u00e4dtischer Mittel.<\/p>\n\n\n\n<h2 class=\"wp-block-heading\"><strong>Unsere L\u00f6sung: Gemeinsam bewegen \u2013 Sport und Familien st\u00e4rken<\/strong><\/h2>\n\n\n\n<p><strong>Ganztag und Verein besser vernetzen<\/strong><br>Wir setzen auf verbindliche Kooperationen zwischen Schulen und Sportvereinen. Ein:e Koordinator:in sorgt f\u00fcr regelm\u00e4\u00dfigen Austausch und feste Trainingszeiten an den Schulen. So wird Sport im Ganztag erm\u00f6glicht, ohne dass Kinder und Familien \u00fcberfordert werden.<\/p>\n\n\n\n<p><strong>F\u00f6rderung an Eigenleistung koppeln \u2013 auch f\u00fcr Ferienangebote<\/strong><br>Vereine, die eigene Ferienprogramme anbieten und aktiv werden, erhalten bevorzugt st\u00e4dtische F\u00f6rdermittel. Damit k\u00f6nnen wir Kindern und Jugendlichen mehr Bewegungsm\u00f6glichkeiten in den Ferien bieten \u2013 unabh\u00e4ngig vom Einkommen ihrer Eltern.<\/p>\n\n\n\n<p><strong>Schwimmb\u00e4der familienfreundlich \u00f6ffnen\u00a0<\/strong><br>Freibad und Hallenbad sollen l\u00e4nger ge\u00f6ffnet werden, besonders in Ferienzeiten. Freier Eintritt f\u00fcr alle Kinder und Jugendliche wird eingef\u00fchrt, begleitet von speziellen Ferienprogrammen in Kooperation mit dem Schwimmverein. So bekommt auch wer keinen Urlaub machen kann einen tollen Sommer vor der Haust\u00fcr.<\/p>\n\n\n\n<p><strong>Zugang zum Freibad erleichtern<\/strong><br>Wir werden den SV Gladbeck 13 unterst\u00fctzen, das online-Ticket-Angebot benutzer:innenfreundlicher zu gestalten und einfache Bezahlm\u00f6glichkeiten anzubieten. QR-Codes, mit denen man einfachen Zugang ohne Wartezeiten ins Schwimmbad erlangt, sollen den Spa\u00df im Wasser verl\u00e4ngern und den Stress in der Warteschlange vermeiden.<\/p>\n\n\n\n<p><strong>Familienfreundliche Sportangebote f\u00f6rdern\u00a0<\/strong><br>Vereine erhalten Unterst\u00fctzung, wenn sie Eltern-Kind-Kurse, offene Trainingszeiten f\u00fcr Familien oder bewegte Angebote an Wochenenden und Feiertagen schaffen.<\/p>\n\n\n\n<p><strong>Inklusion im Sport st\u00e4rken\u00a0<\/strong><br>Wir f\u00f6rdern barrierefreie, niederschwellige Sportangebote f\u00fcr Menschen mit Behinderung und besonderen Bed\u00fcrfnissen. Geschulte Trainer:innen begleiten diese Programme.<\/p>\n\n\n\n<h2 class=\"wp-block-heading\"><strong>Was das f\u00fcr Gladbeck bedeutet<\/strong><\/h2>\n\n\n\n<p>Mit diesen Ma\u00dfnahmen wird Sport in Gladbeck wirklich f\u00fcr alle Familien zug\u00e4nglich und erlebbar. Kinder und Jugendliche finden ausreichend Raum f\u00fcr Bewegung \u2013 auch in den Ferien. Ganztagsschulen und Vereine arbeiten Hand in Hand, sodass niemand \u00fcberfordert wird und alle vom gemeinsamen Angebot profitieren. Die Schwimmb\u00e4der werden zu lebendigen Treffpunkten, an denen sich Familien erholen und Spa\u00df haben k\u00f6nnen. So w\u00e4chst Gladbeck als sportliche Stadt mit Herz und Verstand \u2013 nah an den Bed\u00fcrfnissen seiner B\u00fcrger:innen und mit einem klaren Fokus auf Gemeinschaft und Fairness.<\/p>\n","protected":false},"excerpt":{"rendered":"<p>Stell dir vor, wir machen Gladbeck wirklich zur Sportstadt f\u00fcr alle Stell dir vor, du lebst in einer Stadt, in [&hellip;]<\/p>\n","protected":false},"author":11,"featured_media":4059,"parent":4011,"menu_order":11,"comment_status":"closed","ping_status":"closed","template":"","meta":{"ngg_post_thumbnail":0,"footnotes":""},"class_list":["post-4058","page","type-page","status-publish","has-post-thumbnail","hentry"],"_links":{"self":[{"href":"https:\/\/www.gruene-gladbeck.de\/index.php?rest_route=\/wp\/v2\/pages\/4058","targetHints":{"allow":["GET"]}}],"collection":[{"href":"https:\/\/www.gruene-gladbeck.de\/index.php?rest_route=\/wp\/v2\/pages"}],"about":[{"href":"https:\/\/www.gruene-gladbeck.de\/index.php?rest_route=\/wp\/v2\/types\/page"}],"author":[{"embeddable":true,"href":"https:\/\/www.gruene-gladbeck.de\/index.php?rest_route=\/wp\/v2\/users\/11"}],"replies":[{"embeddable":true,"href":"https:\/\/www.gruene-gladbeck.de\/index.php?rest_route=%2Fwp%2Fv2%2Fcomments&post=4058"}],"version-history":[{"count":1,"href":"https:\/\/www.gruene-gladbeck.de\/index.php?rest_route=\/wp\/v2\/pages\/4058\/revisions"}],"predecessor-version":[{"id":4060,"href":"https:\/\/www.gruene-gladbeck.de\/index.php?rest_route=\/wp\/v2\/pages\/4058\/revisions\/4060"}],"up":[{"embeddable":true,"href":"https:\/\/www.gruene-gladbeck.de\/index.php?rest_route=\/wp\/v2\/pages\/4011"}],"wp:featuredmedia":[{"embeddable":true,"href":"https:\/\/www.gruene-gladbeck.de\/index.php?rest_route=\/wp\/v2\/media\/4059"}],"wp:attachment":[{"href":"https:\/\/www.gruene-gladbeck.de\/index.php?rest_route=%2Fwp%2Fv2%2Fmedia&parent=4058"}],"curies":[{"name":"wp","href":"https:\/\/api.w.org\/{rel}","templated":true}]}}