{"id":4062,"date":"2025-07-16T16:09:06","date_gmt":"2025-07-16T15:09:06","guid":{"rendered":"https:\/\/www.gruene-gladbeck.de\/?page_id=4062"},"modified":"2025-07-17T13:13:45","modified_gmt":"2025-07-17T12:13:45","slug":"vorwort","status":"publish","type":"page","link":"https:\/\/www.gruene-gladbeck.de\/?page_id=4062","title":{"rendered":"Vorwort"},"content":{"rendered":"\n<h2 class=\"wp-block-heading\"><strong>Wo Menschen reden, wird es hell<\/strong><\/h2>\n\n\n\n<p>Dieser Satz ist mehr als ein sch\u00f6ner Gedanke \u2013 er ist eine Haltung. Er beschreibt, woran wir glauben: Dass Ver\u00e4nderung nicht im Hinterzimmer entsteht, sondern dort, wo Menschen sich zuh\u00f6ren, sich einmischen, sich wieder ber\u00fchren lassen \u2013 von dem, was ihnen wichtig ist.<\/p>\n\n\n\n<p>In Gespr\u00e4chen sp\u00fcren wir oft, dass viele Menschen etwas vermissen. Nicht nur Busverbindungen, Radwege oder Investitionen in Schulen. Sondern ein Gef\u00fchl: Dass diese Stadt einmal mehr verbunden war. \u00dcberschaubarer. Herzlich. Dass man sich kannte. Dass man wusste, wo man hingeh\u00f6rt.<\/p>\n\n\n\n<p>Wir glauben: Dieses Gef\u00fchl ist nicht verloren \u2013 es ist nur versch\u00fcttet. Gladbeck ist keine perfekte Stadt. Aber sie ist auch keine verlorene. Sie ist eine Stadt, die alles mitbringt, was es braucht, um wieder n\u00e4her zusammenzur\u00fccken. Um Zukunft zu gestalten \u2013 nicht gegeneinander, sondern miteinander.<\/p>\n\n\n\n<h2 class=\"wp-block-heading\"><strong>Wo Menschen reden, wird es hell<\/strong><\/h2>\n\n\n\n<p>Nicht, weil alles pl\u00f6tzlich gut wird. Sondern weil das, was z\u00e4hlt, wieder sichtbar wird:<br>Ideen, die zu lange niemand h\u00f6ren wollte. Orte, die vergessen schienen. R\u00e4ume, die wieder Bedeutung bekommen.<\/p>\n\n\n\n<p>Viele in Gladbeck sp\u00fcren: So wie es ist, soll es nicht bleiben. Zu oft hei\u00dft es: Geht nicht. Sp\u00e4ter. Kein Geld. Aber gleichzeitig wird sichtbar, was m\u00f6glich w\u00e4re \u2013 wenn wir es endlich anpacken.<\/p>\n\n\n\n<p>Was w\u00e4re, wenn wir den Busbahnhof am <strong>Oberhof <\/strong>endlich zu einem Ort machen, an dem man gerne ankommt?&nbsp;<\/p>\n\n\n\n<p>Was w\u00e4re, wenn wir aus dem <strong>Sch\u00fcrenkamp-Tunnel<\/strong> mehr machen als eine Verkehrsachse \u2013 n\u00e4mlich einen kreativen Ort f\u00fcr Jugendkultur?<\/p>\n\n\n\n<p>Was w\u00e4re, wenn Politik nicht nur verwaltet, sondern wieder inspiriert?<\/p>\n\n\n\n<p>Wenn Gladbeck nicht der Ort ist, den man verl\u00e4sst \u2013 sondern der, den man sich zur\u00fcckholt?<\/p>\n\n\n\n<p>Wir glauben: Das Morgen beginnt nicht irgendwo da drau\u00dfen \u2013 es beginnt genau hier.<br>Mit dem, was wir gemeinsam machen.<\/p>\n\n\n\n<hr class=\"wp-block-separator has-alpha-channel-opacity\"\/>\n\n\n\n<h4 class=\"wp-block-heading\">Weitere Kapitel des Kommunalwahlprogramms:<\/h4>\n\n\n\n<p><a href=\"https:\/\/www.gruene-gladbeck.de\/?page_id=4015\">Umwelt, Klima &amp; Tierschutz &#8211; F\u00fcr eine Stadt, die sch\u00fctzt, was uns sch\u00fctzt<\/a><\/p>\n\n\n\n<p><a href=\"https:\/\/www.gruene-gladbeck.de\/?page_id=4021\">Starke Schulen f\u00fcr starke Kinder &#8211; Gladbecks Bildungszukunft gestalten<\/a><\/p>\n\n\n\n<p><a href=\"https:\/\/www.gruene-gladbeck.de\/?page_id=4037\">Jugend &amp; Familie &#8211; F\u00fcr ein gutes Aufwachsen und ein gutes Miteinander<\/a><\/p>\n\n\n\n<p><a href=\"https:\/\/www.gruene-gladbeck.de\/?page_id=4027\">Gut ankommen in Gladbeck &#8211; Mobilit\u00e4t, die verbindet<\/a><\/p>\n\n\n\n<p><a href=\"https:\/\/www.gruene-gladbeck.de\/?page_id=4032\">Zukunft findet Stadt &#8211; Gladbecks Quartiere gr\u00fcn, gerecht und lebendig gestalten<\/a><\/p>\n\n\n\n<p><a href=\"https:\/\/www.gruene-gladbeck.de\/?page_id=4040\">Zukunft Wirtschaften &#8211; Wirtschaft st\u00e4rken, Fl\u00e4chen klug nutzen, Finanzen sichern<\/a><\/p>\n\n\n\n<p><a href=\"https:\/\/www.gruene-gladbeck.de\/?page_id=4045\">Sicher ist, wo wir uns k\u00fcmmern &#8211; Gladbeck st\u00e4rkt den Zusammenhalt<\/a><\/p>\n\n\n\n<p><a href=\"https:\/\/www.gruene-gladbeck.de\/?page_id=4048\">Nah, klar, digital &#8211; Verwaltung, die den Alltag erleichtert<\/a><\/p>\n\n\n\n<p><a href=\"https:\/\/www.gruene-gladbeck.de\/?page_id=4053\">Vielfalt &amp; Kultur &#8211; F\u00fcr ein Gladbeck, das alle mitmeint<\/a><\/p>\n\n\n\n<p><a href=\"https:\/\/www.gruene-gladbeck.de\/?page_id=4058\">Freibad, Verein, Schule &#8211; Sport in Gladbeck f\u00fcr alle<\/a><\/p>\n\n\n\n<p><\/p>\n","protected":false},"excerpt":{"rendered":"<p>Wo Menschen reden, wird es hell Dieser Satz ist mehr als ein sch\u00f6ner Gedanke \u2013 er ist eine Haltung. Er [&hellip;]<\/p>\n","protected":false},"author":11,"featured_media":4063,"parent":4011,"menu_order":1,"comment_status":"closed","ping_status":"closed","template":"","meta":{"ngg_post_thumbnail":0,"footnotes":""},"class_list":["post-4062","page","type-page","status-publish","has-post-thumbnail","hentry"],"_links":{"self":[{"href":"https:\/\/www.gruene-gladbeck.de\/index.php?rest_route=\/wp\/v2\/pages\/4062","targetHints":{"allow":["GET"]}}],"collection":[{"href":"https:\/\/www.gruene-gladbeck.de\/index.php?rest_route=\/wp\/v2\/pages"}],"about":[{"href":"https:\/\/www.gruene-gladbeck.de\/index.php?rest_route=\/wp\/v2\/types\/page"}],"author":[{"embeddable":true,"href":"https:\/\/www.gruene-gladbeck.de\/index.php?rest_route=\/wp\/v2\/users\/11"}],"replies":[{"embeddable":true,"href":"https:\/\/www.gruene-gladbeck.de\/index.php?rest_route=%2Fwp%2Fv2%2Fcomments&post=4062"}],"version-history":[{"count":6,"href":"https:\/\/www.gruene-gladbeck.de\/index.php?rest_route=\/wp\/v2\/pages\/4062\/revisions"}],"predecessor-version":[{"id":4083,"href":"https:\/\/www.gruene-gladbeck.de\/index.php?rest_route=\/wp\/v2\/pages\/4062\/revisions\/4083"}],"up":[{"embeddable":true,"href":"https:\/\/www.gruene-gladbeck.de\/index.php?rest_route=\/wp\/v2\/pages\/4011"}],"wp:featuredmedia":[{"embeddable":true,"href":"https:\/\/www.gruene-gladbeck.de\/index.php?rest_route=\/wp\/v2\/media\/4063"}],"wp:attachment":[{"href":"https:\/\/www.gruene-gladbeck.de\/index.php?rest_route=%2Fwp%2Fv2%2Fmedia&parent=4062"}],"curies":[{"name":"wp","href":"https:\/\/api.w.org\/{rel}","templated":true}]}}